{"id":2638,"date":"2024-11-22T02:12:51","date_gmt":"2024-11-22T02:12:51","guid":{"rendered":"https:\/\/issco.ltd\/?page_id=2638"},"modified":"2024-11-23T00:55:17","modified_gmt":"2024-11-23T00:55:17","slug":"dich-vu-cua-iss","status":"publish","type":"page","link":"https:\/\/issco.ltd\/vi\/index.php\/dich-vu-cua-iss\/","title":{"rendered":"D\u1ecbch V\u1ee5 C\u1ee7a ISS"},"content":{"rendered":"\t\t<div data-elementor-type=\"wp-page\" data-elementor-id=\"2638\" class=\"elementor elementor-2638\">\n\t\t\t\t\t\t<section class=\"elementor-section elementor-top-section elementor-element elementor-element-c824349 elementor-section-boxed elementor-section-height-default elementor-section-height-default parallax_section_no qode_elementor_container_no\" data-id=\"c824349\" data-element_type=\"section\" data-e-type=\"section\">\n\t\t\t\t\t\t<div class=\"elementor-container elementor-column-gap-default\">\n\t\t\t\t\t<div class=\"elementor-column elementor-col-100 elementor-top-column elementor-element elementor-element-0030cca\" data-id=\"0030cca\" data-element_type=\"column\" data-e-type=\"column\">\n\t\t\t<div class=\"elementor-widget-wrap elementor-element-populated\">\n\t\t\t\t\t\t<section class=\"elementor-section elementor-inner-section elementor-element elementor-element-d662cbe elementor-section-full_width qode_elementor_container_inner elementor-section-height-default elementor-section-height-default parallax_section_no\" data-id=\"d662cbe\" data-element_type=\"section\" data-e-type=\"section\">\n\t\t\t\t\t\t<div class=\"elementor-container elementor-column-gap-default\">\n\t\t\t\t\t<div class=\"elementor-column elementor-col-25 elementor-inner-column elementor-element elementor-element-a8d9f03\" data-id=\"a8d9f03\" data-element_type=\"column\" data-e-type=\"column\">\n\t\t\t<div class=\"elementor-widget-wrap elementor-element-populated\">\n\t\t\t\t\t\t<div class=\"elementor-element elementor-element-f2b2bf1 elementor-widget elementor-widget-image\" data-id=\"f2b2bf1\" data-element_type=\"widget\" data-e-type=\"widget\" data-widget_type=\"image.default\">\n\t\t\t\t<div class=\"elementor-widget-container\">\n\t\t\t\t\t\t\t\t\t\t\t\t\t\t\t\t<a href=\"https:\/\/issco.ltd\/vi\/index.php\/giaiphapthep\/\">\n\t\t\t\t\t\t\t<img fetchpriority=\"high\" decoding=\"async\" width=\"345\" height=\"198\" src=\"https:\/\/issco.ltd\/wp-content\/uploads\/2024\/11\/z5951399206339_fb6ff199bc47f8692c67617435a5d4ba.jpddg_-345x198.jpg\" class=\"attachment-menu-featured-post size-menu-featured-post wp-image-2473\" alt=\"\" \/>\t\t\t\t\t\t\t\t<\/a>\n\t\t\t\t\t\t\t\t\t\t\t\t\t\t\t<\/div>\n\t\t\t\t<\/div>\n\t\t\t\t<div class=\"elementor-element elementor-element-a3a25ff elementor-widget elementor-widget-text-editor\" data-id=\"a3a25ff\" data-element_type=\"widget\" data-e-type=\"widget\" data-widget_type=\"text-editor.default\">\n\t\t\t\t<div class=\"elementor-widget-container\">\n\t\t\t\t\t\t\t\t\t<div id=\"ez-toc-container\" class=\"ez-toc-v2_0_82_2 counter-hierarchy ez-toc-counter ez-toc-grey ez-toc-container-direction\">\n<div class=\"ez-toc-title-container\">\n<p class=\"ez-toc-title\" style=\"cursor:inherit\">Table of Contents<\/p>\n<span class=\"ez-toc-title-toggle\"><a href=\"#\" class=\"ez-toc-pull-right ez-toc-btn ez-toc-btn-xs ez-toc-btn-default ez-toc-toggle\" aria-label=\"Toggle Table of Content\"><span class=\"ez-toc-js-icon-con\"><span class=\"\"><span class=\"eztoc-hide\" style=\"display:none;\">Toggle<\/span><span class=\"ez-toc-icon-toggle-span\"><svg style=\"fill: #999;color:#999\" xmlns=\"http:\/\/www.w3.org\/2000\/svg\" class=\"list-377408\" width=\"20px\" height=\"20px\" viewBox=\"0 0 24 24\" fill=\"none\"><path d=\"M6 6H4v2h2V6zm14 0H8v2h12V6zM4 11h2v2H4v-2zm16 0H8v2h12v-2zM4 16h2v2H4v-2zm16 0H8v2h12v-2z\" fill=\"currentColor\"><\/path><\/svg><svg style=\"fill: #999;color:#999\" class=\"arrow-unsorted-368013\" xmlns=\"http:\/\/www.w3.org\/2000\/svg\" width=\"10px\" height=\"10px\" viewBox=\"0 0 24 24\" version=\"1.2\" baseProfile=\"tiny\"><path d=\"M18.2 9.3l-6.2-6.3-6.2 6.3c-.2.2-.3.4-.3.7s.1.5.3.7c.2.2.4.3.7.3h11c.3 0 .5-.1.7-.3.2-.2.3-.5.3-.7s-.1-.5-.3-.7zM5.8 14.7l6.2 6.3 6.2-6.3c.2-.2.3-.5.3-.7s-.1-.5-.3-.7c-.2-.2-.4-.3-.7-.3h-11c-.3 0-.5.1-.7.3-.2.2-.3.5-.3.7s.1.5.3.7z\"\/><\/svg><\/span><\/span><\/span><\/a><\/span><\/div>\n<nav><ul class='ez-toc-list ez-toc-list-level-1 ' ><ul class='ez-toc-list-level-6' ><li class='ez-toc-heading-level-6'><ul class='ez-toc-list-level-6' ><li class='ez-toc-heading-level-6'><a class=\"ez-toc-link ez-toc-heading-1\" href=\"https:\/\/issco.ltd\/vi\/index.php\/dich-vu-cua-iss\/#Dich_Vu_Cua_Chung_Toi\" >D\u1ecbch V\u1ee5 C\u1ee7a Ch\u00fang T\u00f4i<\/a><\/li><\/ul><\/li><\/ul><\/li><li class='ez-toc-page-1 ez-toc-heading-level-4'><a class=\"ez-toc-link ez-toc-heading-2\" href=\"https:\/\/issco.ltd\/vi\/index.php\/dich-vu-cua-iss\/#Giai_Phap_Thep\" >Gi\u1ea3i Ph\u00e1p Th\u00e9p<\/a><ul class='ez-toc-list-level-6' ><li class='ez-toc-heading-level-6'><ul class='ez-toc-list-level-6' ><li class='ez-toc-heading-level-6'><a class=\"ez-toc-link ez-toc-heading-3\" href=\"https:\/\/issco.ltd\/vi\/index.php\/dich-vu-cua-iss\/#Dich_Vu_Cua_Chung_Toi-2\" >D\u1ecbch V\u1ee5 C\u1ee7a Ch\u00fang T\u00f4i<\/a><\/li><\/ul><\/li><\/ul><\/li><li class='ez-toc-page-1 ez-toc-heading-level-4'><a class=\"ez-toc-link ez-toc-heading-4\" href=\"https:\/\/issco.ltd\/vi\/index.php\/dich-vu-cua-iss\/#Lap_Rap\" >L\u1eafp R\u00e1p<\/a><ul class='ez-toc-list-level-6' ><li class='ez-toc-heading-level-6'><ul class='ez-toc-list-level-6' ><li class='ez-toc-heading-level-6'><a class=\"ez-toc-link ez-toc-heading-5\" href=\"https:\/\/issco.ltd\/vi\/index.php\/dich-vu-cua-iss\/#Dich_Vu_Cua_Chung_Toi-3\" >D\u1ecbch V\u1ee5 C\u1ee7a Ch\u00fang T\u00f4i<\/a><\/li><\/ul><\/li><\/ul><\/li><li class='ez-toc-page-1 ez-toc-heading-level-4'><a class=\"ez-toc-link ez-toc-heading-6\" href=\"https:\/\/issco.ltd\/vi\/index.php\/dich-vu-cua-iss\/#Gian_Giao_%E2%80%93_Cach_Nhiet\" >Gi\u00e0n Gi\u00e1o &#8211; C\u00e1ch Nhi\u1ec7t<\/a><ul class='ez-toc-list-level-6' ><li class='ez-toc-heading-level-6'><ul class='ez-toc-list-level-6' ><li class='ez-toc-heading-level-6'><a class=\"ez-toc-link ez-toc-heading-7\" href=\"https:\/\/issco.ltd\/vi\/index.php\/dich-vu-cua-iss\/#Dich_Vu_Cua_Chung_Toi-4\" >D\u1ecbch V\u1ee5 C\u1ee7a Ch\u00fang T\u00f4i<\/a><\/li><\/ul><\/li><\/ul><\/li><li class='ez-toc-page-1 ez-toc-heading-level-4'><a class=\"ez-toc-link ez-toc-heading-8\" href=\"https:\/\/issco.ltd\/vi\/index.php\/dich-vu-cua-iss\/#Phun_Cat_%E2%80%93_Son\" >Phun C\u00e1t &#8211; S\u01a1n<\/a><\/li><\/ul><\/nav><\/div>\n<h6><span class=\"ez-toc-section\" id=\"Dich_Vu_Cua_Chung_Toi\"><\/span>D\u1ecbch V\u1ee5 C\u1ee7a Ch\u00fang T\u00f4i<span class=\"ez-toc-section-end\"><\/span><\/h6>\t\t\t\t\t\t\t\t<\/div>\n\t\t\t\t<\/div>\n\t\t\t\t<div class=\"elementor-element elementor-element-daecd71 elementor-widget elementor-widget-text-editor\" data-id=\"daecd71\" data-element_type=\"widget\" data-e-type=\"widget\" data-widget_type=\"text-editor.default\">\n\t\t\t\t<div class=\"elementor-widget-container\">\n\t\t\t\t\t\t\t\t\t&nbsp;\n<h4><span class=\"ez-toc-section\" id=\"Giai_Phap_Thep\"><\/span><span style=\"color: #000000;\">Gi\u1ea3i Ph\u00e1p Th\u00e9p<\/span><span class=\"ez-toc-section-end\"><\/span><\/h4>\n&nbsp;\n\t\t\t\t\t\t\t\t<\/div>\n\t\t\t\t<\/div>\n\t\t\t\t<div class=\"elementor-element elementor-element-c6e7517 elementor-widget elementor-widget-text-editor\" data-id=\"c6e7517\" data-element_type=\"widget\" data-e-type=\"widget\" data-widget_type=\"text-editor.default\">\n\t\t\t\t<div class=\"elementor-widget-container\">\n\t\t\t\t\t\t\t\t\t<a href=\"https:\/\/issco.ltd\/index.php\/steel-solutions\/\"><span style=\"color: #000000;\">Cung c\u1ea5p c\u00e1c gi\u1ea3i ph\u00e1p h\u00e0n to\u00e0n di\u1ec7n v\u1edbi chuy\u00ean m\u00f4n v\u00e0 k\u1ef9 thu\u1eadt cao, \u0111\u01b0\u1ee3c ch\u1ee9ng nh\u1eadn theo ti\u00eau chu\u1ea9n ISO 3834-2.<\/span><\/a>\t\t\t\t\t\t\t\t<\/div>\n\t\t\t\t<\/div>\n\t\t\t\t\t<\/div>\n\t\t<\/div>\n\t\t\t\t<div class=\"elementor-column elementor-col-25 elementor-inner-column elementor-element elementor-element-9442cf1\" data-id=\"9442cf1\" data-element_type=\"column\" data-e-type=\"column\">\n\t\t\t<div class=\"elementor-widget-wrap elementor-element-populated\">\n\t\t\t\t\t\t<div class=\"elementor-element elementor-element-0da8cab elementor-widget elementor-widget-image\" data-id=\"0da8cab\" data-element_type=\"widget\" data-e-type=\"widget\" data-widget_type=\"image.default\">\n\t\t\t\t<div class=\"elementor-widget-container\">\n\t\t\t\t\t\t\t\t\t\t\t\t\t\t\t\t<a href=\"https:\/\/issco.ltd\/vi\/index.php\/lap-rap\/\">\n\t\t\t\t\t\t\t<img decoding=\"async\" width=\"345\" height=\"198\" src=\"https:\/\/issco.ltd\/wp-content\/uploads\/2024\/11\/z5921369662664_da51879f8130dcb5ec8f117fdf8ad42a-2-345x198.jpg\" class=\"attachment-menu-featured-post size-menu-featured-post wp-image-2651\" alt=\"\" \/>\t\t\t\t\t\t\t\t<\/a>\n\t\t\t\t\t\t\t\t\t\t\t\t\t\t\t<\/div>\n\t\t\t\t<\/div>\n\t\t\t\t<div class=\"elementor-element elementor-element-f39ffcd elementor-widget elementor-widget-text-editor\" data-id=\"f39ffcd\" data-element_type=\"widget\" data-e-type=\"widget\" data-widget_type=\"text-editor.default\">\n\t\t\t\t<div class=\"elementor-widget-container\">\n\t\t\t\t\t\t\t\t\t<h6><span class=\"ez-toc-section\" id=\"Dich_Vu_Cua_Chung_Toi-2\"><\/span>D\u1ecbch V\u1ee5 C\u1ee7a Ch\u00fang T\u00f4i<span class=\"ez-toc-section-end\"><\/span><\/h6>\t\t\t\t\t\t\t\t<\/div>\n\t\t\t\t<\/div>\n\t\t\t\t<div class=\"elementor-element elementor-element-36e72d9 elementor-widget elementor-widget-text-editor\" data-id=\"36e72d9\" data-element_type=\"widget\" data-e-type=\"widget\" data-widget_type=\"text-editor.default\">\n\t\t\t\t<div class=\"elementor-widget-container\">\n\t\t\t\t\t\t\t\t\t&nbsp;\n<h4><span class=\"ez-toc-section\" id=\"Lap_Rap\"><\/span><span style=\"color: #000000;\">L\u1eafp R\u00e1p<\/span><span class=\"ez-toc-section-end\"><\/span><\/h4>\n&nbsp;\t\t\t\t\t\t\t\t<\/div>\n\t\t\t\t<\/div>\n\t\t\t\t<div class=\"elementor-element elementor-element-db5afa3 elementor-widget elementor-widget-text-editor\" data-id=\"db5afa3\" data-element_type=\"widget\" data-e-type=\"widget\" data-widget_type=\"text-editor.default\">\n\t\t\t\t<div class=\"elementor-widget-container\">\n\t\t\t\t\t\t\t\t\t<a href=\"https:\/\/issco.ltd\/index.php\/steel-solutions\/\"><span style=\"color: #000000;\">Cung c\u1ea5p d\u1ecbch v\u1ee5 l\u1eafp r\u00e1p ch\u1ea5t l\u01b0\u1ee3ng cao t\u1eadp trung v\u00e0o s\u1ef1 hi\u1ec7u qu\u1ea3 v\u00e0 c\u00e1c gi\u1ea3i ph\u00e1p t\u00f9y ch\u1ec9nh cho c\u00e1c d\u1ef1 \u00e1n ph\u1ee9c t\u1ea1p.<\/span><\/a>\t\t\t\t\t\t\t\t<\/div>\n\t\t\t\t<\/div>\n\t\t\t\t\t<\/div>\n\t\t<\/div>\n\t\t\t\t<div class=\"elementor-column elementor-col-25 elementor-inner-column elementor-element elementor-element-dabe826\" data-id=\"dabe826\" data-element_type=\"column\" data-e-type=\"column\">\n\t\t\t<div class=\"elementor-widget-wrap elementor-element-populated\">\n\t\t\t\t\t\t<div class=\"elementor-element elementor-element-c7cee78 elementor-widget elementor-widget-image\" data-id=\"c7cee78\" data-element_type=\"widget\" data-e-type=\"widget\" data-widget_type=\"image.default\">\n\t\t\t\t<div class=\"elementor-widget-container\">\n\t\t\t\t\t\t\t\t\t\t\t\t\t\t\t\t<a href=\"https:\/\/issco.ltd\/vi\/index.php\/giangiaocachnhiet\/\">\n\t\t\t\t\t\t\t<img decoding=\"async\" width=\"345\" height=\"198\" src=\"https:\/\/issco.ltd\/wp-content\/uploads\/2024\/11\/z6057054936948_a3852795ff98e21d8bcff3ebc42b9339-345x198.jpg\" class=\"attachment-menu-featured-post size-menu-featured-post wp-image-2629\" alt=\"\" \/>\t\t\t\t\t\t\t\t<\/a>\n\t\t\t\t\t\t\t\t\t\t\t\t\t\t\t<\/div>\n\t\t\t\t<\/div>\n\t\t\t\t<div class=\"elementor-element elementor-element-ba61114 elementor-widget elementor-widget-text-editor\" data-id=\"ba61114\" data-element_type=\"widget\" data-e-type=\"widget\" data-widget_type=\"text-editor.default\">\n\t\t\t\t<div class=\"elementor-widget-container\">\n\t\t\t\t\t\t\t\t\t<h6><span class=\"ez-toc-section\" id=\"Dich_Vu_Cua_Chung_Toi-3\"><\/span>D\u1ecbch V\u1ee5 C\u1ee7a Ch\u00fang T\u00f4i<span class=\"ez-toc-section-end\"><\/span><\/h6>\t\t\t\t\t\t\t\t<\/div>\n\t\t\t\t<\/div>\n\t\t\t\t<div class=\"elementor-element elementor-element-8a2381e elementor-widget elementor-widget-text-editor\" data-id=\"8a2381e\" data-element_type=\"widget\" data-e-type=\"widget\" data-widget_type=\"text-editor.default\">\n\t\t\t\t<div class=\"elementor-widget-container\">\n\t\t\t\t\t\t\t\t\t&nbsp;\n<h4><span class=\"ez-toc-section\" id=\"Gian_Giao_%E2%80%93_Cach_Nhiet\"><\/span><span style=\"color: #000000;\">Gi\u00e0n Gi\u00e1o &#8211; C\u00e1ch Nhi\u1ec7t<\/span><span class=\"ez-toc-section-end\"><\/span><\/h4>\n&nbsp;\t\t\t\t\t\t\t\t<\/div>\n\t\t\t\t<\/div>\n\t\t\t\t<div class=\"elementor-element elementor-element-d9c0e3d elementor-widget elementor-widget-text-editor\" data-id=\"d9c0e3d\" data-element_type=\"widget\" data-e-type=\"widget\" data-widget_type=\"text-editor.default\">\n\t\t\t\t<div class=\"elementor-widget-container\">\n\t\t\t\t\t\t\t\t\t<a href=\"https:\/\/issco.ltd\/index.php\/scaffolding-insulation-servicers\/\"><span style=\"color: #000000;\">D\u1ecbch v\u1ee5 gi\u00e0n gi\u00e1o v\u00e0 c\u00e1ch nhi\u1ec7t c\u1ee7a ch\u00fang t\u00f4i \u0111\u01b0\u1ee3c th\u1ef1c hi\u1ec7n b\u1edfi \u0111\u1ed9i ng\u0169 chuy\u00ean nghi\u1ec7p v\u00e0 gi\u00e0u kinh nghi\u1ec7m, \u0111\u1ea3m b\u1ea3o c\u00e1c gi\u1ea3i ph\u00e1p an to\u00e0n v\u00e0 hi\u1ec7u qu\u1ea3.<\/span><\/a>\t\t\t\t\t\t\t\t<\/div>\n\t\t\t\t<\/div>\n\t\t\t\t\t<\/div>\n\t\t<\/div>\n\t\t\t\t<div class=\"elementor-column elementor-col-25 elementor-inner-column elementor-element elementor-element-b8f74bd\" data-id=\"b8f74bd\" data-element_type=\"column\" data-e-type=\"column\">\n\t\t\t<div class=\"elementor-widget-wrap elementor-element-populated\">\n\t\t\t\t\t\t<div class=\"elementor-element elementor-element-3199f6a elementor-widget elementor-widget-image\" data-id=\"3199f6a\" data-element_type=\"widget\" data-e-type=\"widget\" data-widget_type=\"image.default\">\n\t\t\t\t<div class=\"elementor-widget-container\">\n\t\t\t\t\t\t\t\t\t\t\t\t\t\t\t\t<a href=\"https:\/\/issco.ltd\/vi\/index.php\/phun-cat-son\/\">\n\t\t\t\t\t\t\t<img loading=\"lazy\" decoding=\"async\" width=\"345\" height=\"198\" src=\"https:\/\/issco.ltd\/wp-content\/uploads\/2024\/11\/Blasting-thumbnail.jpg\" class=\"attachment-full size-full wp-image-2645\" alt=\"\" srcset=\"https:\/\/issco.ltd\/wp-content\/uploads\/2024\/11\/Blasting-thumbnail.jpg 345w, https:\/\/issco.ltd\/wp-content\/uploads\/2024\/11\/Blasting-thumbnail-300x172.jpg 300w\" sizes=\"(max-width: 345px) 100vw, 345px\" \/>\t\t\t\t\t\t\t\t<\/a>\n\t\t\t\t\t\t\t\t\t\t\t\t\t\t\t<\/div>\n\t\t\t\t<\/div>\n\t\t\t\t<div class=\"elementor-element elementor-element-96b4da3 elementor-widget elementor-widget-text-editor\" data-id=\"96b4da3\" data-element_type=\"widget\" data-e-type=\"widget\" data-widget_type=\"text-editor.default\">\n\t\t\t\t<div class=\"elementor-widget-container\">\n\t\t\t\t\t\t\t\t\t<h6><span class=\"ez-toc-section\" id=\"Dich_Vu_Cua_Chung_Toi-4\"><\/span>D\u1ecbch V\u1ee5 C\u1ee7a Ch\u00fang T\u00f4i<span class=\"ez-toc-section-end\"><\/span><\/h6>\t\t\t\t\t\t\t\t<\/div>\n\t\t\t\t<\/div>\n\t\t\t\t<div class=\"elementor-element elementor-element-dc41a2f elementor-widget elementor-widget-text-editor\" data-id=\"dc41a2f\" data-element_type=\"widget\" data-e-type=\"widget\" data-widget_type=\"text-editor.default\">\n\t\t\t\t<div class=\"elementor-widget-container\">\n\t\t\t\t\t\t\t\t\t&nbsp;\n<h4><span class=\"ez-toc-section\" id=\"Phun_Cat_%E2%80%93_Son\"><\/span><span style=\"color: #000000;\">Phun C\u00e1t &#8211; S\u01a1n <\/span><span class=\"ez-toc-section-end\"><\/span><\/h4>\n&nbsp;\t\t\t\t\t\t\t\t<\/div>\n\t\t\t\t<\/div>\n\t\t\t\t<div class=\"elementor-element elementor-element-29e776c elementor-widget elementor-widget-text-editor\" data-id=\"29e776c\" data-element_type=\"widget\" data-e-type=\"widget\" data-widget_type=\"text-editor.default\">\n\t\t\t\t<div class=\"elementor-widget-container\">\n\t\t\t\t\t\t\t\t\t<a href=\"https:\/\/issco.ltd\/index.php\/blasting-and-painting\/\"><span style=\"color: #000000;\">Cung c\u1ea5p d\u1ecbch v\u1ee5 phun c\u00e1t v\u00e0 s\u01a1n chuy\u00ean nghi\u1ec7p, \u0111\u1ea3m b\u1ea3o chu\u1ea9n b\u1ecb b\u1ec1 m\u1eb7t t\u1ed1i \u01b0u v\u00e0 b\u1ea3o v\u1ec7 b\u1ec1n l\u00e2u cho c\u00e1c k\u1ebft c\u1ea5u th\u00e9p trong m\u00f4i tr\u01b0\u1eddng c\u00f4ng nghi\u1ec7p. <\/span><\/a>\t\t\t\t\t\t\t\t<\/div>\n\t\t\t\t<\/div>\n\t\t\t\t\t<\/div>\n\t\t<\/div>\n\t\t\t\t\t<\/div>\n\t\t<\/section>\n\t\t\t\t\t<\/div>\n\t\t<\/div>\n\t\t\t\t\t<\/div>\n\t\t<\/section>\n\t\t\t\t<\/div>\n\t\t","protected":false},"excerpt":{"rendered":"<p>D\u1ecbch V\u1ee5 C\u1ee7a Ch\u00fang T\u00f4i &nbsp; Gi\u1ea3i Ph\u00e1p Th\u00e9p &nbsp; Cung c\u1ea5p c\u00e1c gi\u1ea3i ph\u00e1p h\u00e0n to\u00e0n di\u1ec7n v\u1edbi chuy\u00ean m\u00f4n v\u00e0 k\u1ef9 thu\u1eadt cao, \u0111\u01b0\u1ee3c ch\u1ee9ng nh\u1eadn theo ti\u00eau chu\u1ea9n ISO 3834-2. D\u1ecbch V\u1ee5 C\u1ee7a Ch\u00fang T\u00f4i &nbsp; L\u1eafp R\u00e1p &nbsp;Cung c\u1ea5p d\u1ecbch v\u1ee5&#8230;<\/p>\n","protected":false},"author":2,"featured_media":0,"parent":0,"menu_order":0,"comment_status":"closed","ping_status":"closed","template":"","meta":{"content-type":"","footnotes":""},"class_list":["post-2638","page","type-page","status-publish","hentry"],"_links":{"self":[{"href":"https:\/\/issco.ltd\/vi\/index.php\/wp-json\/wp\/v2\/pages\/2638","targetHints":{"allow":["GET"]}}],"collection":[{"href":"https:\/\/issco.ltd\/vi\/index.php\/wp-json\/wp\/v2\/pages"}],"about":[{"href":"https:\/\/issco.ltd\/vi\/index.php\/wp-json\/wp\/v2\/types\/page"}],"author":[{"embeddable":true,"href":"https:\/\/issco.ltd\/vi\/index.php\/wp-json\/wp\/v2\/users\/2"}],"replies":[{"embeddable":true,"href":"https:\/\/issco.ltd\/vi\/index.php\/wp-json\/wp\/v2\/comments?post=2638"}],"version-history":[{"count":6,"href":"https:\/\/issco.ltd\/vi\/index.php\/wp-json\/wp\/v2\/pages\/2638\/revisions"}],"predecessor-version":[{"id":2677,"href":"https:\/\/issco.ltd\/vi\/index.php\/wp-json\/wp\/v2\/pages\/2638\/revisions\/2677"}],"wp:attachment":[{"href":"https:\/\/issco.ltd\/vi\/index.php\/wp-json\/wp\/v2\/media?parent=2638"}],"curies":[{"name":"wp","href":"https:\/\/api.w.org\/{rel}","templated":true}]}}