{"id":2050,"date":"2024-10-16T08:54:34","date_gmt":"2024-10-16T08:54:34","guid":{"rendered":"https:\/\/issco.ltd\/index.php\/steel-solutions-3\/"},"modified":"2024-11-01T01:51:23","modified_gmt":"2024-11-01T01:51:23","slug":"giaiphapthep","status":"publish","type":"page","link":"https:\/\/issco.ltd\/vi\/index.php\/giaiphapthep\/","title":{"rendered":"Gi\u1ea3i ph\u00e1p Th\u00e9p"},"content":{"rendered":"\t\t<div data-elementor-type=\"wp-page\" data-elementor-id=\"2050\" class=\"elementor elementor-2050\">\n\t\t\t\t<div class=\"elementor-element elementor-element-4cc9eb61 e-flex e-con-boxed parallax_section_no qode_elementor_container_no e-con e-parent\" data-id=\"4cc9eb61\" data-element_type=\"container\">\n\t\t\t\t\t<div class=\"e-con-inner\">\n\t\t\t\t<div class=\"elementor-element elementor-element-209c3ac6 elementor-widget elementor-widget-text-editor\" data-id=\"209c3ac6\" data-element_type=\"widget\" data-widget_type=\"text-editor.default\">\n\t\t\t\t<div class=\"elementor-widget-container\">\n\t\t\t\t\t\t\t<h1 style=\"text-align: center; font-size: 50px;\">GI\u1ea2I PH\u00c1P TH\u00c9P<\/h1><p><em><strong>\u00a0\u00a0\u00a0\u00a0ISS<\/strong><\/em> tu\u00e2n th\u1ee7 ti\u00eau chu\u1ea9n ISO 3834-2: C\u00e1c y\u00eau c\u1ea7u ch\u1ea5t l\u01b0\u1ee3ng to\u00e0n di\u1ec7n. ISO 3834-2 \u00e1p d\u1ee5ng cho c\u00e1c t\u1ed5 ch\u1ee9c c\u00f3 quy tr\u00ecnh h\u00e0n ph\u1ee9c t\u1ea1p, y\u00eau c\u1ea7u ki\u1ec3m so\u00e1t ch\u1ea5t l\u01b0\u1ee3ng chi ti\u1ebft, v\u00e0 \u0111\u01b0\u1ee3c thi\u1ebft k\u1ebf cho c\u00e1c \u0111\u01a1n v\u1ecb th\u1ef1c hi\u1ec7n c\u00e1c quy tr\u00ecnh h\u00e0n quan tr\u1ecdng. Ti\u00eau chu\u1ea9n n\u00e0y th\u01b0\u1eddng \u0111\u01b0\u1ee3c \u00e1p d\u1ee5ng trong c\u00e1c ng\u00e0nh c\u00f4ng nghi\u1ec7p m\u00e0 t\u00ednh to\u00e0n v\u1eb9n c\u1ee7a m\u1ed1i h\u00e0n l\u00e0 r\u1ea5t quan tr\u1ecdng cho an to\u00e0n v\u00e0 hi\u1ec7u su\u1ea5t, nh\u01b0 s\u1ea3n xu\u1ea5t b\u00ecnh \u00e1p l\u1ef1c, th\u00e9p k\u1ebft c\u1ea5u, \u0111\u00f3ng t\u00e0u, n\u0103ng l\u01b0\u1ee3ng v\u00e0 ng\u00e0nh d\u1ea7u kh\u00ed.<\/p><ul><li>C\u00e1c y\u00eau c\u1ea7u v\u1ec1 nh\u00e2n s\u1ef1: \u0110i\u1ec1u ph\u1ed1i h\u00e0n v\u00e0 th\u1ee3 h\u00e0n \u0111\u01b0\u1ee3c ch\u1ee9ng nh\u1eadn.<\/li><li>Quy tr\u00ecnh h\u00e0n: tu\u00e2n theo c\u00e1c \u0111\u1eb7c \u0111i\u1ec3m k\u1ef9 thu\u1eadt quy tr\u00ecnh h\u00e0n (WPS) nghi\u00eam ng\u1eb7t.<\/li><li>Ki\u1ec3m so\u00e1t v\u1eadt li\u1ec7u: ki\u1ec3m tra \u0111\u1ec3 \u0111\u1ea3m b\u1ea3o \u0111\u00e1p \u1ee9ng c\u00e1c y\u00eau c\u1ea7u k\u1ef9 thu\u1eadt v\u00e0 ph\u00f9 h\u1ee3p v\u1edbi quy tr\u00ecnh h\u00e0n, bao g\u1ed3m truy xu\u1ea5t ngu\u1ed3n g\u1ed1c, ch\u1ee9ng nh\u1eadn v\u00e0 l\u01b0u tr\u1eef.<\/li><li>Ki\u1ec3m tra v\u00e0 th\u1eed nghi\u1ec7m: s\u1eed d\u1ee5ng c\u00e1c ph\u01b0\u01a1ng ph\u00e1p th\u1eed nghi\u1ec7m kh\u00f4ng ph\u00e1 h\u1ee7y (NDT) v\u00e0 ph\u00e1 h\u1ee7y \u0111\u1ec3 x\u00e1c minh ch\u1ea5t l\u01b0\u1ee3ng m\u1ed1i h\u00e0n. \u0110i\u1ec1u n\u00e0y bao g\u1ed3m ki\u1ec3m tra tr\u1ef1c quan, th\u1eed nghi\u1ec7m x-quang, th\u1eed nghi\u1ec7m si\u00eau \u00e2m v\u00e0 th\u1eed nghi\u1ec7m c\u01a1 h\u1ecdc.<\/li><li>T\u00e0i li\u1ec7u: t\u00e0i li\u1ec7u \u0111\u1ea7y \u0111\u1ee7 \u1edf m\u1ed7i giai \u0111o\u1ea1n c\u1ee7a quy tr\u00ecnh, bao g\u1ed3m quy tr\u00ecnh h\u00e0n, tr\u00ecnh \u0111\u1ed9 th\u1ee3 h\u00e0n, ch\u1ee9ng nh\u1eadn v\u1eadt li\u1ec7u, b\u00e1o c\u00e1o ki\u1ec3m tra v\u00e0 b\u00e1o c\u00e1o kh\u00f4ng ph\u00f9 h\u1ee3p.<\/li><\/ul><div style=\"text-align: center;\"><strong><br \/><img fetchpriority=\"high\" decoding=\"async\" src=\"https:\/\/issco.ltd\/wp-content\/uploads\/2024\/10\/z5907593975523_2281d22ad38595cbf0e0c3e0ef01c656-1.jpg\" alt=\"\" width=\"727\" height=\"409\" \/><br \/><\/strong><\/div><h1>\u00a0<\/h1><h1 style=\"text-align: center;\"><strong>C\u00c1C Y\u00caU C\u1ea6U V\u1ec0 NH\u00c2N S\u1ef0<\/strong><\/h1><p><strong>ISS<\/strong> tu\u00e2n th\u1ee7 ti\u00eau chu\u1ea9n<strong> ISO 3834-2<\/strong>: \u0110i\u1ec1u ph\u1ed1i h\u00e0n v\u00e0 th\u1ee3 h\u00e0n \u0111\u01b0\u1ee3c ch\u1ee9ng nh\u1eadn.<\/p><div style=\"text-align: center;\"><img decoding=\"async\" src=\"https:\/\/issco.ltd\/wp-content\/uploads\/2024\/10\/sodotochuc.jpg\" alt=\"\" width=\"734\" height=\"519\" \/><\/div><p>\u00a0<\/p><p><img decoding=\"async\" class=\"alignnone size-full wp-image-2305\" src=\"https:\/\/issco.ltd\/wp-content\/uploads\/2024\/11\/welder-cert.jpg\" alt=\"\" width=\"1844\" height=\"882\" srcset=\"https:\/\/issco.ltd\/wp-content\/uploads\/2024\/11\/welder-cert.jpg 1844w, https:\/\/issco.ltd\/wp-content\/uploads\/2024\/11\/welder-cert-300x143.jpg 300w, https:\/\/issco.ltd\/wp-content\/uploads\/2024\/11\/welder-cert-1024x490.jpg 1024w, https:\/\/issco.ltd\/wp-content\/uploads\/2024\/11\/welder-cert-768x367.jpg 768w, https:\/\/issco.ltd\/wp-content\/uploads\/2024\/11\/welder-cert-1536x735.jpg 1536w, https:\/\/issco.ltd\/wp-content\/uploads\/2024\/11\/welder-cert-700x335.jpg 700w\" sizes=\"(max-width: 1844px) 100vw, 1844px\" \/><\/p><p>\u00a0<\/p><p><strong>ISS<\/strong> tu\u00e2n th\u1ee7 ti\u00eau chu\u1ea9n ISO 3834-2:<br \/>Tu\u00e2n theo c\u00e1c \u0111\u1eb7c \u0111i\u1ec3m k\u1ef9 thu\u1eadt quy tr\u00ecnh h\u00e0n (WPS) nghi\u00eam ng\u1eb7t.&#8221;<\/p><ul><li>ISO 15614-1:2017 SN 200-4:2022-06<\/li><li>AWS D1.1\/D1.1M:2020<\/li><\/ul><div style=\"text-align: center;\"><img loading=\"lazy\" decoding=\"async\" class=\"alignnone size-full wp-image-2307\" src=\"https:\/\/issco.ltd\/wp-content\/uploads\/2024\/11\/dnv-approval.jpg\" alt=\"\" width=\"1842\" height=\"869\" srcset=\"https:\/\/issco.ltd\/wp-content\/uploads\/2024\/11\/dnv-approval.jpg 1842w, https:\/\/issco.ltd\/wp-content\/uploads\/2024\/11\/dnv-approval-300x142.jpg 300w, https:\/\/issco.ltd\/wp-content\/uploads\/2024\/11\/dnv-approval-1024x483.jpg 1024w, https:\/\/issco.ltd\/wp-content\/uploads\/2024\/11\/dnv-approval-768x362.jpg 768w, https:\/\/issco.ltd\/wp-content\/uploads\/2024\/11\/dnv-approval-1536x725.jpg 1536w, https:\/\/issco.ltd\/wp-content\/uploads\/2024\/11\/dnv-approval-700x330.jpg 700w\" sizes=\"(max-width: 1842px) 100vw, 1842px\" \/><\/div><h3><strong>1.1. THI\u1ebeT K\u1ebe &amp; K\u1ef8 THU\u1eacT<\/strong><\/h3><p>Qu\u00e1 tr\u00ecnh thi\u1ebft k\u1ebf l\u00e0 m\u1ed9t b\u01b0\u1edbc quan tr\u1ecdng trong vi\u1ec7c ph\u00e2n c\u00f4ng v\u00e0 x\u00e1c \u0111\u1ecbnh c\u00e1c v\u1eadt li\u1ec7u, linh ki\u1ec7n, quy tr\u00ecnh, vai tr\u00f2 v\u00e0 ti\u00eau chu\u1ea9n nh\u1eb1m \u0111\u1ea3m b\u1ea3o d\u1ef1 \u00e1n \u0111\u01b0\u1ee3c th\u1ef1c hi\u1ec7n \u0111\u00fang c\u00e1ch v\u00e0 \u0111\u00e1p \u1ee9ng c\u00e1c y\u00eau c\u1ea7u v\u1ec1 an to\u00e0n, ch\u1ea5t l\u01b0\u1ee3ng v\u00e0 quy \u0111\u1ecbnh. \u0110i\u1ec1u n\u00e0y gi\u00fap \u0111\u1ed9i ng\u0169 k\u1ef9 thu\u1eadt v\u00e0 x\u00e2y d\u1ef1ng c\u00f3 th\u1ec3 giao ti\u1ebfp r\u00f5 r\u00e0ng v\u00e0 tu\u00e2n theo c\u00f9ng m\u1ed9t th\u00f4ng s\u1ed1 k\u1ef9 thu\u1eadt, \u0111\u1ea3m b\u1ea3o k\u1ebft qu\u1ea3 nh\u1ea5t qu\u00e1n trong to\u00e0n b\u1ed9 d\u1ef1 \u00e1n.<br \/>Ch\u00fang t\u00f4i s\u1eed d\u1ee5ng nhi\u1ec1u ph\u1ea7n m\u1ec1m kh\u00e1c nhau nh\u01b0: AutoCAD, SolidWorks, STAAD&#8230;<\/p><div style=\"text-align: center;\"><img loading=\"lazy\" decoding=\"async\" src=\"https:\/\/issco.ltd\/wp-content\/uploads\/2024\/10\/z5938061570226_6bd7dc350f2406188da3d76e864bd0e8.jpg\" alt=\"\" width=\"752\" height=\"692\" \/><\/div><h3><strong>1.2. PH\u00c2N T\u00cdCH K\u1ebeT C\u1ea4U TH\u00c9P<\/strong><\/h3><p>Ph\u00e2n t\u00edch k\u1ebft c\u1ea5u th\u00e9p l\u00e0 m\u1ed9t ph\u1ea7n quan tr\u1ecdng trong quy tr\u00ecnh thi\u1ebft k\u1ebf v\u00e0 k\u1ef9 thu\u1eadt cho c\u00e1c c\u00f4ng tr\u00ecnh th\u00e9p nh\u01b0 c\u1ea9u, b\u1ed3n, t\u00e0u, c\u1ea7u, t\u00f2a nh\u00e0, nh\u00e0 m\u00e1y c\u00f4ng nghi\u1ec7p v\u00e0 th\u00e1p. Ph\u00e2n t\u00edch n\u00e0y gi\u00fap \u0111\u1ea3m b\u1ea3o r\u1eb1ng k\u1ebft c\u1ea5u c\u00f3 th\u1ec3 ch\u1ecbu \u0111\u01b0\u1ee3c c\u00e1c t\u1ea3i tr\u1ecdng d\u1ef1 ki\u1ebfn, ch\u1ed1ng l\u1ea1i c\u00e1c y\u1ebfu t\u1ed1 m\u00f4i tr\u01b0\u1eddng v\u00e0 duy tr\u00ec \u0111\u1ed9 an to\u00e0n trong su\u1ed1t th\u1eddi gian s\u1eed d\u1ee5ng.<\/p><div style=\"text-align: center;\"><img loading=\"lazy\" decoding=\"async\" src=\"https:\/\/issco.ltd\/wp-content\/uploads\/2024\/10\/z5938098876918_77776606a94904638631a52730d553b1.jpg\" alt=\"\" width=\"713\" height=\"705\" \/><\/div><h3><strong>1.3. CH\u1ebe T\u1ea0O TH\u00c9P<\/strong><\/h3><p>&#8220;D\u1ecbch v\u1ee5 ch\u1ebf t\u1ea1o th\u00e9p l\u00e0 r\u1ea5t quan tr\u1ecdng trong vi\u1ec7c x\u00e2y d\u1ef1ng c\u00e1c k\u1ebft c\u1ea5u th\u00e9p m\u1ea1nh m\u1ebd, b\u1ec1n b\u1ec9 v\u00e0 an to\u00e0n cho nhi\u1ec1u ng\u00e0nh c\u00f4ng nghi\u1ec7p kh\u00e1c nhau. Quy tr\u00ecnh ch\u1ebf t\u1ea1o bao g\u1ed3m c\u1eaft CNC ch\u00ednh x\u00e1c, u\u1ed1n, \u0111\u1ecbnh h\u00ecnh, h\u00e0n v\u00e0 l\u1eafp r\u00e1p th\u00e9p th\u00e0nh c\u00e1c h\u1ed7 tr\u1ee3 \u1ed1ng l\u1ea1nh, c\u1ea9u, b\u1ed3n, h\u1ec7 th\u1ed1ng HVAC v\u00e0 b\u1ec7&#8230;<br \/>V\u1edbi vi\u1ec7c \u00e1p d\u1ee5ng c\u00e1c bi\u1ec7n ph\u00e1p ki\u1ec3m so\u00e1t ch\u1ea5t l\u01b0\u1ee3ng ti\u00ean ti\u1ebfn theo ti\u00eau chu\u1ea9n ISO 9001: 2015, ISO 3834-2, EN 10204 \u2013 3.2 v\u00e0 ISO 14001, c\u00e1c d\u1ef1 \u00e1n tr\u1ecdn g\u00f3i c\u1ee7a ch\u00fang t\u00f4i \u0111\u01b0\u1ee3c ho\u00e0n th\u00e0nh theo c\u00e1c ti\u00eau chu\u1ea9n cao nh\u1ea5t v\u1ec1 ch\u1ea5t l\u01b0\u1ee3ng, an to\u00e0n v\u00e0 hi\u1ec7u qu\u1ea3.<\/p><ul><li>Ch\u1ebf t\u1ea1o g\u1ed1i \u0111\u1ee1 \u1ed1ng l\u1ea1nh (Cold Pipe Support) b\u1eb1ng th\u00e9p bao g\u1ed3m v\u1eadt li\u1ec7u c\u00e1ch nhi\u1ec7t<\/li><li>Thi\u1ebft k\u1ebf, k\u1ef9 thu\u1eadt v\u00e0 ch\u1ebf t\u1ea1o c\u1ea9u<\/li><li>Thi\u1ebft k\u1ebf, k\u1ef9 thu\u1eadt v\u00e0 l\u1eafp \u0111\u1eb7t h\u1ec7 th\u1ed1ng HVAC<\/li><li>B\u1ed3n \u00e1p l\u1ef1c, B\u1ed3n bia<\/li><\/ul><p><img loading=\"lazy\" decoding=\"async\" class=\"aligncenter\" src=\"https:\/\/issco.ltd\/wp-content\/uploads\/2024\/10\/z5938115521097_ce8c67ab72c78bc0dce6b81fb5a505f6.jpg\" alt=\"\" width=\"714\" height=\"518\" \/><\/p><p style=\"text-align: center;\">Ch\u1ebf t\u1ea1o g\u1ed1i \u0111\u1ee1 \u1ed1ng l\u1ea1nh (Cold Pipe Support) b\u1eb1ng th\u00e9p bao g\u1ed3m v\u1eadt li\u1ec7u c\u00e1ch nhi\u1ec7t<\/p><p><img loading=\"lazy\" decoding=\"async\" class=\"aligncenter\" src=\"https:\/\/issco.ltd\/wp-content\/uploads\/2024\/10\/z5938130913431_b4da90927646dc993a085d4946131f33.jpg\" alt=\"\" width=\"701\" height=\"765\" \/><\/p><p><img loading=\"lazy\" decoding=\"async\" class=\"aligncenter\" src=\"https:\/\/issco.ltd\/wp-content\/uploads\/2024\/10\/z5938137614343_67c1a27cfaca9687c0abdd9942cced07.jpg\" alt=\"\" width=\"439\" height=\"544\" \/><\/p><p style=\"text-align: center;\">Thi\u1ebft k\u1ebf, k\u1ef9 thu\u1eadt v\u00e0 ch\u1ebf t\u1ea1o c\u1ea9u<\/p><p><img loading=\"lazy\" decoding=\"async\" class=\"aligncenter\" src=\"https:\/\/issco.ltd\/wp-content\/uploads\/2024\/10\/Screenshot-2024-10-17-093235.png\" alt=\"\" width=\"466\" height=\"505\" \/><\/p><p style=\"text-align: center;\">Thi\u1ebft k\u1ebf, k\u1ef9 thu\u1eadt v\u00e0 l\u1eafp \u0111\u1eb7t h\u1ec7 th\u1ed1ng HVAC<\/p><p><img loading=\"lazy\" decoding=\"async\" class=\"aligncenter\" src=\"https:\/\/issco.ltd\/wp-content\/uploads\/2024\/10\/z5938160320025_7ff61a364e6b8372eefea680eb1af083.jpg\" alt=\"\" width=\"467\" height=\"508\" \/><\/p><p><img loading=\"lazy\" decoding=\"async\" class=\"size-full wp-image-2144 aligncenter\" src=\"https:\/\/issco.ltd\/wp-content\/uploads\/2024\/10\/Air-Tank.png\" alt=\"\" width=\"800\" height=\"500\" \/><\/p><p style=\"text-align: center;\">B\u1ed3n \u00e1p l\u1ef1c, B\u1ed3n bia<\/p><p><img loading=\"lazy\" decoding=\"async\" class=\"aligncenter\" src=\"https:\/\/issco.ltd\/wp-content\/uploads\/2024\/10\/z5938169180936_0fb724525f818ae569d81270755c7470.jpg\" alt=\"\" width=\"457\" height=\"543\" \/><\/p><p style=\"text-align: center;\">S\u1ea3n ph\u1ea9m ch\u1ebf t\u1ea1o th\u00e9p \u0111\u00e1p \u1ee9ng ti\u00eau chu\u1ea9n Offshore<\/p>\t\t\t\t\t\t<\/div>\n\t\t\t\t<\/div>\n\t\t\t\t\t<\/div>\n\t\t\t\t<\/div>\n\t\t\t\t<\/div>\n\t\t","protected":false},"excerpt":{"rendered":"<p>GI\u1ea2I PH\u00c1P TH\u00c9P \u00a0\u00a0\u00a0\u00a0ISS tu\u00e2n th\u1ee7 ti\u00eau chu\u1ea9n ISO 3834-2: C\u00e1c y\u00eau c\u1ea7u ch\u1ea5t l\u01b0\u1ee3ng to\u00e0n di\u1ec7n. ISO 3834-2 \u00e1p d\u1ee5ng cho c\u00e1c t\u1ed5 ch\u1ee9c c\u00f3 quy tr\u00ecnh h\u00e0n ph\u1ee9c t\u1ea1p, y\u00eau c\u1ea7u ki\u1ec3m so\u00e1t ch\u1ea5t l\u01b0\u1ee3ng chi ti\u1ebft, v\u00e0 \u0111\u01b0\u1ee3c thi\u1ebft k\u1ebf cho c\u00e1c&#8230;<\/p>\n","protected":false},"author":2,"featured_media":0,"parent":0,"menu_order":0,"comment_status":"closed","ping_status":"closed","template":"","meta":{"content-type":"","footnotes":""},"class_list":["post-2050","page","type-page","status-publish","hentry"],"_links":{"self":[{"href":"https:\/\/issco.ltd\/vi\/index.php\/wp-json\/wp\/v2\/pages\/2050"}],"collection":[{"href":"https:\/\/issco.ltd\/vi\/index.php\/wp-json\/wp\/v2\/pages"}],"about":[{"href":"https:\/\/issco.ltd\/vi\/index.php\/wp-json\/wp\/v2\/types\/page"}],"author":[{"embeddable":true,"href":"https:\/\/issco.ltd\/vi\/index.php\/wp-json\/wp\/v2\/users\/2"}],"replies":[{"embeddable":true,"href":"https:\/\/issco.ltd\/vi\/index.php\/wp-json\/wp\/v2\/comments?post=2050"}],"version-history":[{"count":19,"href":"https:\/\/issco.ltd\/vi\/index.php\/wp-json\/wp\/v2\/pages\/2050\/revisions"}],"predecessor-version":[{"id":2325,"href":"https:\/\/issco.ltd\/vi\/index.php\/wp-json\/wp\/v2\/pages\/2050\/revisions\/2325"}],"wp:attachment":[{"href":"https:\/\/issco.ltd\/vi\/index.php\/wp-json\/wp\/v2\/media?parent=2050"}],"curies":[{"name":"wp","href":"https:\/\/api.w.org\/{rel}","templated":true}]}}