{"id":1836,"date":"2024-10-21T03:02:15","date_gmt":"2024-10-21T03:02:15","guid":{"rendered":"https:\/\/issco.ltd\/index.php\/lap-rap\/"},"modified":"2024-10-24T02:11:03","modified_gmt":"2024-10-24T02:11:03","slug":"lap-rap","status":"publish","type":"page","link":"https:\/\/issco.ltd\/vi\/index.php\/lap-rap\/","title":{"rendered":"L\u1eafp r\u00e1p"},"content":{"rendered":"\t\t<div data-elementor-type=\"wp-page\" data-elementor-id=\"1836\" class=\"elementor elementor-1836\">\n\t\t\t\t<div class=\"elementor-element elementor-element-9c7a089 e-flex e-con-boxed parallax_section_no qode_elementor_container_no e-con e-parent\" data-id=\"9c7a089\" data-element_type=\"container\" data-e-type=\"container\">\n\t\t\t\t\t<div class=\"e-con-inner\">\n\t\t\t\t\t<\/div>\n\t\t\t\t<\/div>\n\t\t<div class=\"elementor-element elementor-element-df086bd e-flex e-con-boxed parallax_section_no qode_elementor_container_no e-con e-parent\" data-id=\"df086bd\" data-element_type=\"container\" data-e-type=\"container\">\n\t\t\t\t\t<div class=\"e-con-inner\">\n\t\t\t\t<div class=\"elementor-element elementor-element-1217ed4 elementor-widget elementor-widget-text-editor\" data-id=\"1217ed4\" data-element_type=\"widget\" data-e-type=\"widget\" data-widget_type=\"text-editor.default\">\n\t\t\t\t<div class=\"elementor-widget-container\">\n\t\t\t\t\t\t\t\t\t<p style=\"font-size: 50px; text-align: center; color: #2e82ea; font-weight: bold;\"><span style=\"color: #000080;\">L\u1eaeP R\u00c1P<\/span><\/p>\n&nbsp;\n<p style=\"font-size: 16px; text-align: justify; text-indent: 40px;\">T\u1ea1i ISS &#8211; C\u00f4ng ty TNHH Gi\u1ea3i ph\u00e1p Th\u00e9p S\u00e1ng t\u1ea1o, d\u1ecbch v\u1ee5 L\u1eafp r\u00e1p c\u1ee7a ch\u00fang t\u00f4i l\u00e0 m\u1ed9t ph\u1ea7n thi\u1ebft y\u1ebfu trong chu\u1ed7i gi\u1ea3i ph\u00e1p ch\u1ebf t\u1ea1o th\u00e9p. Ch\u00fang t\u00f4i c\u00f3 chuy\u00ean m\u00f4n cao trong vi\u1ec7c l\u1eafp r\u00e1p c\u00e1c k\u1ebft c\u1ea5u th\u00e9p ph\u1ee9c t\u1ea1p v\u1edbi \u0111\u1ed9 ch\u00ednh x\u00e1c v\u00e0 hi\u1ec7u qu\u1ea3 t\u1ed1i \u01b0u. \u0110\u1ed9i ng\u0169 k\u1ef9 thu\u1eadt vi\u00ean gi\u00e0u kinh nghi\u1ec7m c\u1ee7a ch\u00fang t\u00f4i chuy\u00ean l\u1eafp gh\u00e9p c\u00e1c th\u00e0nh ph\u1ea7n th\u00e9p kh\u00e1c nhau, \u0111\u1ea3m b\u1ea3o s\u1ef1 k\u1ebft n\u1ed1i ch\u1eb7t ch\u1ebd v\u00e0 t\u1ea1o ra s\u1ea3n ph\u1ea9m cu\u1ed1i c\u00f9ng v\u1eefng ch\u1eafc, \u0111\u00e1ng tin c\u1eady.<\/p><br\/>\n<p style=\"text-align: center;\"><img fetchpriority=\"high\" decoding=\"async\" class=\"alignnone size-full wp-image-1621\" src=\"https:\/\/issco.ltd\/wp-content\/uploads\/2024\/10\/Screenshot-2024-10-21-095542.png\" alt=\"\" width=\"540\" height=\"259\" srcset=\"https:\/\/issco.ltd\/wp-content\/uploads\/2024\/10\/Screenshot-2024-10-21-095542.png 540w, https:\/\/issco.ltd\/wp-content\/uploads\/2024\/10\/Screenshot-2024-10-21-095542-300x144.png 300w\" sizes=\"(max-width: 540px) 100vw, 540px\" \/><\/p><br\/>\n<p style=\"font-size: 16px; text-align: justify; text-indent: 40px;\">M\u1ed9t trong nh\u1eefng th\u1ebf m\u1ea1nh c\u1ee7a ch\u00fang t\u00f4i l\u00e0 ch\u1ebf t\u1ea1o v\u00e0 l\u1eafp r\u00e1p khung \u0111\u1ee1 b\u1eb1ng th\u00e9p kh\u00f4ng g\u1ec9, \u0111\u00f3ng vai tr\u00f2 quan tr\u1ecdng trong vi\u1ec7c h\u1ed7 tr\u1ee3 c\u00e1c thi\u1ebft b\u1ecb v\u00e0 h\u1ec7 th\u1ed1ng trong m\u00f4i tr\u01b0\u1eddng c\u00f4ng nghi\u1ec7p. Khung \u0111\u1ee1 th\u00e9p kh\u00f4ng g\u1ec9 \u0111\u01b0\u1ee3c bi\u1ebft \u0111\u1ebfn v\u1edbi \u0111\u1ed9 b\u1ec1n cao, kh\u1ea3 n\u0103ng ch\u1ed1ng \u0103n m\u00f2n v\u00e0 t\u00ednh v\u1eefng ch\u1eafc, l\u00e0m cho ch\u00fang tr\u1edf th\u00e0nh l\u1ef1a ch\u1ecdn l\u00fd t\u01b0\u1edfng cho c\u00e1c m\u00f4i tr\u01b0\u1eddng kh\u1eafc nghi\u1ec7t nh\u01b0 nh\u00e0 m\u00e1y h\u00f3a ch\u1ea5t, c\u01a1 s\u1edf d\u1ea7u kh\u00ed v\u00e0 c\u00e1c \u1ee9ng d\u1ee5ng c\u00f4ng nghi\u1ec7p kh\u00e1c.<\/p>\n\n<p style=\"font-size: 16px; text-align: justify; text-indent: 40px;\">\nT\u1ea1i ISS, ch\u00fang t\u00f4i \u00e1p d\u1ee5ng c\u00e1c k\u1ef9 thu\u1eadt ti\u00ean ti\u1ebfn v\u00e0 trang thi\u1ebft b\u1ecb hi\u1ec7n \u0111\u1ea1i \u0111\u1ec3 \u0111\u1ea3m b\u1ea3o m\u1ed7i khung \u0111\u1ee1 \u0111\u01b0\u1ee3c thi\u1ebft k\u1ebf v\u00e0 l\u1eafp r\u00e1p t\u1ec9 m\u1ec9, \u0111\u00e1p \u1ee9ng ch\u00ednh x\u00e1c c\u00e1c y\u00eau c\u1ea7u c\u1ee7a kh\u00e1ch h\u00e0ng. Ch\u00fang t\u00f4i \u01b0u ti\u00ean cung c\u1ea5p c\u00e1c h\u1ec7 th\u1ed1ng khung \u0111\u1ee1 kh\u00f4ng ch\u1ec9 b\u1ec1n ch\u1eafc, \u0111\u00e1ng tin c\u1eady m\u00e0 c\u00f2n linh ho\u1ea1t, ph\u00f9 h\u1ee3p v\u1edbi nhi\u1ec1u c\u1ea5u h\u00ecnh thi\u1ebft b\u1ecb kh\u00e1c nhau.<\/p> \n<p style=\"font-size: 16px; text-align: justify; text-indent: 40px;\">\nD\u00f9 l\u00e0 c\u00e1c k\u1ebft c\u1ea5u c\u00f4ng nghi\u1ec7p quy m\u00f4 l\u1edbn hay c\u00e1c c\u1ee5m l\u1eafp r\u00e1p th\u00e9p ph\u1ee9c t\u1ea1p, bao g\u1ed3m c\u1ea3 khung \u0111\u1ee1 th\u00e9p kh\u00f4ng g\u1ec9, ch\u00fang t\u00f4i cam k\u1ebft ho\u00e0n th\u00e0nh t\u1eebng d\u1ef1 \u00e1n \u0111\u00fang ti\u1ebfn \u0111\u1ed9, trong ph\u1ea1m vi ng\u00e2n s\u00e1ch v\u00e0 lu\u00f4n \u0111\u1ea3m b\u1ea3o ch\u1ea5t l\u01b0\u1ee3ng cao nh\u1ea5t.\n<p style=\"font-size: 16px; text-align: justify;text-indent:40px\">T\u1ea1i ISS, ch\u00fang t\u00f4i cam k\u1ebft cung c\u1ea5p c\u00e1c k\u1ebft c\u1ea5u th\u00e9p b\u1ec1n b\u1ec9, hi\u1ec7u su\u1ea5t cao, c\u00f3 kh\u1ea3 n\u0103ng ch\u1ecbu \u0111\u01b0\u1ee3c th\u1eed th\u00e1ch c\u1ee7a th\u1eddi gian, mang \u0111\u1ebfn nh\u1eefng gi\u1ea3i ph\u00e1p \u0111\u00e1ng tin c\u1eady cho ngay c\u1ea3 nh\u1eefng d\u1ef1 \u00e1n kh\u00f3 kh\u0103n nh\u1ea5t.<\/p>\t\t\t\t\t\t\t\t<\/div>\n\t\t\t\t<\/div>\n\t\t\t\t\t<\/div>\n\t\t\t\t<\/div>\n\t\t<div class=\"elementor-element elementor-element-1bf16e4 e-flex e-con-boxed parallax_section_no qode_elementor_container_no e-con e-parent\" data-id=\"1bf16e4\" data-element_type=\"container\" data-e-type=\"container\">\n\t\t\t\t\t<div class=\"e-con-inner\">\n\t\t\t\t<div class=\"elementor-element elementor-element-e40659c elementor-widget elementor-widget-image\" data-id=\"e40659c\" data-element_type=\"widget\" data-e-type=\"widget\" data-widget_type=\"image.default\">\n\t\t\t\t<div class=\"elementor-widget-container\">\n\t\t\t\t\t\t\t\t\t\t\t\t\t\t\t<img decoding=\"async\" width=\"471\" height=\"454\" src=\"https:\/\/issco.ltd\/wp-content\/uploads\/2024\/10\/Screenshot-2024-10-21-100209.png\" class=\"attachment-large size-large wp-image-1622\" alt=\"\" srcset=\"https:\/\/issco.ltd\/wp-content\/uploads\/2024\/10\/Screenshot-2024-10-21-100209.png 471w, https:\/\/issco.ltd\/wp-content\/uploads\/2024\/10\/Screenshot-2024-10-21-100209-300x289.png 300w\" sizes=\"(max-width: 471px) 100vw, 471px\" \/>\t\t\t\t\t\t\t\t\t\t\t\t\t\t\t<\/div>\n\t\t\t\t<\/div>\n\t\t\t\t\t<\/div>\n\t\t\t\t<\/div>\n\t\t<div class=\"elementor-element elementor-element-521e984 e-flex e-con-boxed parallax_section_no qode_elementor_container_no e-con e-parent\" data-id=\"521e984\" data-element_type=\"container\" data-e-type=\"container\">\n\t\t\t\t\t<div class=\"e-con-inner\">\n\t\t\t\t\t<\/div>\n\t\t\t\t<\/div>\n\t\t\t\t<\/div>\n\t\t","protected":false},"excerpt":{"rendered":"<p>L\u1eaeP R\u00c1P &nbsp; T\u1ea1i ISS &#8211; C\u00f4ng ty TNHH Gi\u1ea3i ph\u00e1p Th\u00e9p S\u00e1ng t\u1ea1o, d\u1ecbch v\u1ee5 L\u1eafp r\u00e1p c\u1ee7a ch\u00fang t\u00f4i l\u00e0 m\u1ed9t ph\u1ea7n thi\u1ebft y\u1ebfu trong chu\u1ed7i gi\u1ea3i ph\u00e1p ch\u1ebf t\u1ea1o th\u00e9p. Ch\u00fang t\u00f4i c\u00f3 chuy\u00ean m\u00f4n cao trong vi\u1ec7c l\u1eafp r\u00e1p c\u00e1c k\u1ebft&#8230;<\/p>\n","protected":false},"author":2,"featured_media":0,"parent":0,"menu_order":0,"comment_status":"closed","ping_status":"closed","template":"","meta":{"content-type":"","footnotes":""},"class_list":["post-1836","page","type-page","status-publish","hentry"],"_links":{"self":[{"href":"https:\/\/issco.ltd\/vi\/index.php\/wp-json\/wp\/v2\/pages\/1836","targetHints":{"allow":["GET"]}}],"collection":[{"href":"https:\/\/issco.ltd\/vi\/index.php\/wp-json\/wp\/v2\/pages"}],"about":[{"href":"https:\/\/issco.ltd\/vi\/index.php\/wp-json\/wp\/v2\/types\/page"}],"author":[{"embeddable":true,"href":"https:\/\/issco.ltd\/vi\/index.php\/wp-json\/wp\/v2\/users\/2"}],"replies":[{"embeddable":true,"href":"https:\/\/issco.ltd\/vi\/index.php\/wp-json\/wp\/v2\/comments?post=1836"}],"version-history":[{"count":7,"href":"https:\/\/issco.ltd\/vi\/index.php\/wp-json\/wp\/v2\/pages\/1836\/revisions"}],"predecessor-version":[{"id":2119,"href":"https:\/\/issco.ltd\/vi\/index.php\/wp-json\/wp\/v2\/pages\/1836\/revisions\/2119"}],"wp:attachment":[{"href":"https:\/\/issco.ltd\/vi\/index.php\/wp-json\/wp\/v2\/media?parent=1836"}],"curies":[{"name":"wp","href":"https:\/\/api.w.org\/{rel}","templated":true}]}}